{"id":168,"date":"2017-12-26T08:38:00","date_gmt":"2017-12-26T08:38:00","guid":{"rendered":"http:\/\/localhost\/wordpress\/?page_id=168"},"modified":"2018-01-26T15:43:02","modified_gmt":"2018-01-26T15:43:02","slug":"impressum","status":"publish","type":"page","link":"https:\/\/haus-bernadette.de\/?page_id=168","title":{"rendered":"Impressum"},"content":{"rendered":"<p>&nbsp;<\/p>\n<p><strong>Impressum:<\/strong><\/p>\n<p>Verantwortlich f\u00fcr den Inhalt, Gestaltung und Realisierung der Homepage und Herausgeber:<br \/>\n<strong>Bernadette u. Gerd Heinzelmann<\/strong><br \/>\n<strong> Goethestra\u00dfe 31<\/strong><br \/>\n<strong> 78073 Bad D\u00fcrrheim<\/strong><\/p>\n<p><strong>Tel: 07726\/1671<\/strong><\/p>\n<p>&nbsp;<\/p>\n<h4>Haftungsausschluss:<\/h4>\n<p>Gem\u00e4\u00df \u00a7 5 Abs.1 TDG sind wir ausschlie\u00dflich nur f\u00fcr die eigenen Inhalte verantwortlich. F\u00fcr Links auf fremde Inhalte dritter Anbieter sind wir gem\u00e4\u00df \u00a7 5 Abs.2 TDG nur verantwortlich, wenn wir von einem rechtswidrigen oder strafbaren Gehalt positive Kenntnis haben und es technisch m\u00f6glich und zumutbar ist, deren Nutzung zu verhindern.<\/p>\n<p>Auch sind wir nicht verpflichtet, in periodischen Abst\u00e4nden den Inhalt von Angeboten Dritter auf deren Rechtswidrigkeit oder Strafbarkeit zu \u00fcberpr\u00fcfen. Sobald wir von dem rechtswidrigen Inhalt der Web-Seiten Dritter erfahren, wird der entsprechende Link von unserer Seite entfernt.<\/p>\n<p>Weiterhin m\u00f6chten wir ausdr\u00fccklich betonen, dass wir keinerlei Einfluss auf die Gestaltung und die Inhalte der gelinkten Seiten haben. Deshalb distanzieren wir uns hiermit ausdr\u00fccklich von allen Inhalten aller gelinkten Seiten auf der gesamten Website inkl. aller Unterseiten. Diese Erkl\u00e4rung gilt f\u00fcr alle auf der Homepage ausgebrachten Links und f\u00fcr alle Inhalte der Seiten, zu denen Links oder Banner f\u00fchren. Sollten Inhalte dieser Internetangebote gegen geltendes Urheberrecht oder das Markengesetz versto\u00dfen, werden diese auf Hinweis schnellstm\u00f6glich entfernt.<\/p>\n","protected":false},"excerpt":{"rendered":"<p>&nbsp; Impressum: Verantwortlich f\u00fcr den Inhalt, Gestaltung und Realisierung der Homepage und Herausgeber: Bernadette u. Gerd Heinzelmann Goethestra\u00dfe 31 78073 Bad D\u00fcrrheim Tel: 07726\/1671 &nbsp; Haftungsausschluss: Gem\u00e4\u00df \u00a7 5 Abs.1 TDG sind wir ausschlie\u00dflich nur f\u00fcr die eigenen Inhalte verantwortlich. F\u00fcr Links auf fremde Inhalte dritter Anbieter sind wir gem\u00e4\u00df \u00a7 5 Abs.2 TDG nur &hellip; <a href=\"https:\/\/haus-bernadette.de\/?page_id=168\" class=\"more-link\"><span class=\"screen-reader-text\">\u201eImpressum\u201c <\/span>weiterlesen<\/a><\/p>\n","protected":false},"author":1,"featured_media":0,"parent":0,"menu_order":0,"comment_status":"closed","ping_status":"closed","template":"","meta":{"footnotes":""},"class_list":["post-168","page","type-page","status-publish","hentry"],"_links":{"self":[{"href":"https:\/\/haus-bernadette.de\/index.php?rest_route=\/wp\/v2\/pages\/168","targetHints":{"allow":["GET"]}}],"collection":[{"href":"https:\/\/haus-bernadette.de\/index.php?rest_route=\/wp\/v2\/pages"}],"about":[{"href":"https:\/\/haus-bernadette.de\/index.php?rest_route=\/wp\/v2\/types\/page"}],"author":[{"embeddable":true,"href":"https:\/\/haus-bernadette.de\/index.php?rest_route=\/wp\/v2\/users\/1"}],"replies":[{"embeddable":true,"href":"https:\/\/haus-bernadette.de\/index.php?rest_route=%2Fwp%2Fv2%2Fcomments&post=168"}],"version-history":[{"count":1,"href":"https:\/\/haus-bernadette.de\/index.php?rest_route=\/wp\/v2\/pages\/168\/revisions"}],"predecessor-version":[{"id":523,"href":"https:\/\/haus-bernadette.de\/index.php?rest_route=\/wp\/v2\/pages\/168\/revisions\/523"}],"wp:attachment":[{"href":"https:\/\/haus-bernadette.de\/index.php?rest_route=%2Fwp%2Fv2%2Fmedia&parent=168"}],"curies":[{"name":"wp","href":"https:\/\/api.w.org\/{rel}","templated":true}]}}