{"id":6,"date":"2017-12-13T17:17:58","date_gmt":"2017-12-13T17:17:58","guid":{"rendered":"http:\/\/localhost\/wordpress\/?page_id=4"},"modified":"2024-12-06T14:27:35","modified_gmt":"2024-12-06T14:27:35","slug":"haus-bernadett","status":"publish","type":"page","link":"https:\/\/haus-bernadette.de\/","title":{"rendered":"Startseite"},"content":{"rendered":"\n<p>&nbsp;&nbsp;&nbsp;&nbsp;&nbsp;&nbsp;&nbsp;&nbsp;&nbsp;&nbsp;&nbsp;&nbsp;&nbsp;&nbsp;&nbsp;&nbsp;&nbsp;&nbsp;&nbsp;&nbsp;&nbsp; <img loading=\"lazy\" decoding=\"async\" class=\"alignnone  wp-image-713\" src=\"https:\/\/haus-bernadette.de\/wp-content\/uploads\/2021\/03\/Haus-300x225.jpg\" alt=\"\" width=\"625\" height=\"469\" srcset=\"https:\/\/haus-bernadette.de\/wp-content\/uploads\/2021\/03\/Haus-300x225.jpg 300w, https:\/\/haus-bernadette.de\/wp-content\/uploads\/2021\/03\/Haus.jpg 700w\" sizes=\"auto, (max-width: 625px) 85vw, 625px\" \/><\/p>\n\n\n<p><span style=\"font-family: Arial, sans-serif;\"><span style=\"font-size: medium;\">In unserem Haus erhalten Sie die vorteilhafte DreiWeltenCard mit vielen Verg\u00fcnstigungen. Sie haben damit <\/span><\/span><strong><span style=\"font-family: Arial, sans-serif;\"><span style=\"font-size: medium;\">t\u00e4glich freien Eintritt in die Therme<\/span><\/span><\/strong><span style=\"font-family: Arial, sans-serif;\"><span style=\"font-size: medium;\">. Sie sind unsere einzigen G\u00e4ste im Haus <\/span><\/span><span style=\"font-family: Arial, sans-serif;\"><span style=\"font-size: medium;\">und haben Ruhe <\/span><\/span><span style=\"font-family: Arial, sans-serif;\"><span style=\"font-size: medium;\">in der sch\u00f6n eingerichteten, gepflegten F<\/span><\/span><span style=\"font-family: Arial, sans-serif;\"><span style=\"font-size: medium;\">e<\/span><\/span><span style=\"font-family: Arial, sans-serif;\"><span style=\"font-size: medium;\">W<\/span><\/span><span style=\"font-family: Arial, sans-serif;\"><span style=\"font-size: medium;\">o<\/span><\/span><span style=\"font-family: Arial, sans-serif;\"><span style=\"font-size: medium;\"> (50 qm). <\/span><\/span><span style=\"font-family: Arial, sans-serif;\"><span style=\"font-size: medium;\">Genie\u00dfen Sie die freie Sicht<\/span><\/span><span style=\"font-family: Arial, sans-serif;\"><span style=\"font-size: medium;\"> in die Natur und <\/span><\/span><span style=\"font-family: Arial, sans-serif;\"><span style=\"font-size: medium;\">die N\u00e4he zum <\/span><\/span><span style=\"font-family: Arial, sans-serif;\"><span style=\"font-size: medium;\">Salinensee und Kapfwald.<\/span><\/span><\/p>\n<p><span style=\"font-family: Arial, sans-serif;\"><span style=\"font-size: medium;\">Ausstattung: <\/span><\/span><span style=\"font-family: Arial, sans-serif;\"><span style=\"font-size: medium;\">Wohnraum mit Sitzgarnitur und E\u00dfecke, Einbauk\u00fcche (Ceranfeld, Toaster, Microwelle, Kaffeemasc<\/span><\/span><span style=\"font-family: Arial, sans-serif;\"><span style=\"font-size: medium;\">h<\/span><\/span><span style=\"font-family: Arial, sans-serif;\"><span style=\"font-size: medium;\">ine, kl. Espressokocher, Wasserkocher, B\u00fcgeleisen), s<\/span><\/span><span style=\"font-family: Arial, sans-serif;\"><span style=\"font-size: medium;\">e<\/span><\/span><span style=\"font-family: Arial, sans-serif;\"><span style=\"font-size: medium;\">parates Schlafzimmer (Roste verstellbar), gro\u00dfe Dusche\/WC, Internetanschluss, Telefon, Kabel-TV\/HD), Ster<\/span><\/span><span style=\"font-family: Arial, sans-serif;\"><span style=\"font-size: medium;\">e<\/span><\/span><span style=\"font-family: Arial, sans-serif;\"><span style=\"font-size: medium;\">oanlage, incl. Bettw\u00e4sche (Betten sind bezogen), Handt\u00fccher, alle Reinigungsmittel, incl. Endreinigung, Fu\u00dfbodenheizung (Wohnbereich\/Bad) und Heizk\u00f6rper, separater Eingang, gro\u00dfe Terrasse mit Gartenanlage, Sitzgruppe, 2 Liegen und Sonnenschirm, Parkplatz, Begr\u00fc\u00dfungspr\u00e4sent.<\/span><\/span><\/p>\n<p><span style=\"font-family: Arial, sans-serif;\"><span style=\"font-size: medium;\">Vermietung: an Nichtraucher, 2 Personen, keine Tiere.<\/span><\/span><\/p>\n<p><span style=\"font-family: Arial;\">\u00a0\u00a0\u00a0\u00a0\u00a0\u00a0\u00a0\u00a0\u00a0\u00a0\u00a0\u00a0\u00a0\u00a0\u00a0\u00a0\u00a0\u00a0\u00a0\u00a0\u00a0\u00a0\u00a0\u00a0\u00a0\u00a0\u00a0\u00a0\u00a0\u00a0\u00a0\u00a0<\/span>\u00a0\u00a0 <span style=\"font-family: Arial;\">\u00a0\u00a0\u00a0\u00a0\u00a0\u00a0\u00a0\u00a0\u00a0\u00a0\u00a0\u00a0\u00a0\u00a0\u00a0\u00a0\u00a0\u00a0\u00a0\u00a0\u00a0\u00a0\u00a0\u00a0\u00a0\u00a0\u00a0\u00a0\u00a0\u00a0\u00a0\u00a0\u00a0\u00a0\u00a0\u00a0\u00a0\u00a0\u00a0\u00a0\u00a0\u00a0\u00a0\u00a0 <\/span><\/p>","protected":false},"excerpt":{"rendered":"<p>&nbsp;&nbsp;&nbsp;&nbsp;&nbsp;&nbsp;&nbsp;&nbsp;&nbsp;&nbsp;&nbsp;&nbsp;&nbsp;&nbsp;&nbsp;&nbsp;&nbsp;&nbsp;&nbsp;&nbsp;&nbsp; In unserem Haus erhalten Sie die vorteilhafte DreiWeltenCard mit vielen Verg\u00fcnstigungen. Sie haben damit t\u00e4glich freien Eintritt in die Therme. Sie sind unsere einzigen G\u00e4ste im Haus und haben Ruhe in der sch\u00f6n eingerichteten, gepflegten FeWo (50 qm). Genie\u00dfen Sie die freie Sicht in die Natur und die N\u00e4he zum Salinensee und Kapfwald. Ausstattung: &hellip; <a href=\"https:\/\/haus-bernadette.de\/\" class=\"more-link\"><span class=\"screen-reader-text\">\u201eStartseite\u201c <\/span>weiterlesen<\/a><\/p>\n","protected":false},"author":1,"featured_media":0,"parent":0,"menu_order":0,"comment_status":"closed","ping_status":"closed","template":"","meta":{"footnotes":""},"class_list":["post-6","page","type-page","status-publish","hentry"],"_links":{"self":[{"href":"https:\/\/haus-bernadette.de\/index.php?rest_route=\/wp\/v2\/pages\/6","targetHints":{"allow":["GET"]}}],"collection":[{"href":"https:\/\/haus-bernadette.de\/index.php?rest_route=\/wp\/v2\/pages"}],"about":[{"href":"https:\/\/haus-bernadette.de\/index.php?rest_route=\/wp\/v2\/types\/page"}],"author":[{"embeddable":true,"href":"https:\/\/haus-bernadette.de\/index.php?rest_route=\/wp\/v2\/users\/1"}],"replies":[{"embeddable":true,"href":"https:\/\/haus-bernadette.de\/index.php?rest_route=%2Fwp%2Fv2%2Fcomments&post=6"}],"version-history":[{"count":46,"href":"https:\/\/haus-bernadette.de\/index.php?rest_route=\/wp\/v2\/pages\/6\/revisions"}],"predecessor-version":[{"id":1102,"href":"https:\/\/haus-bernadette.de\/index.php?rest_route=\/wp\/v2\/pages\/6\/revisions\/1102"}],"wp:attachment":[{"href":"https:\/\/haus-bernadette.de\/index.php?rest_route=%2Fwp%2Fv2%2Fmedia&parent=6"}],"curies":[{"name":"wp","href":"https:\/\/api.w.org\/{rel}","templated":true}]}}