{"id":71,"date":"2017-12-25T11:58:44","date_gmt":"2017-12-25T11:58:44","guid":{"rendered":"http:\/\/localhost\/wordpress\/?page_id=71"},"modified":"2023-01-31T14:25:14","modified_gmt":"2023-01-31T14:25:14","slug":"kueche","status":"publish","type":"page","link":"https:\/\/haus-bernadette.de\/?page_id=71","title":{"rendered":"K\u00fcche"},"content":{"rendered":"\n\n\n\n\t\t<!-- MasterSlider -->\n\t\t<div id=\"P_MS69eccbd4cff22\" class=\"master-slider-parent msl ms-parent-id-17\" style=\"max-width:945px;\">\n\n\t\t\t\n\t\t\t<!-- MasterSlider Main -->\n\t\t\t<div id=\"MS69eccbd4cff22\" class=\"master-slider ms-skin-default\" >\n\t\t\t\t \t\t\t\t \n\t\t\t\t<div  class=\"ms-slide\" data-delay=\"3\" data-fill-mode=\"fill\"  >\n\t\t\t\t\t<img decoding=\"async\" src=\"https:\/\/haus-bernadette.de\/wp-content\/plugins\/master-slider\/public\/assets\/css\/blank.gif\" alt=\"\" title=\"\" data-src=\"https:\/\/haus-bernadette.de\/wp-content\/uploads\/2019\/09\/Kueche_2.jpg\" \/>\n\n\n\t<img decoding=\"async\" class=\"ms-thumb\" src=\"https:\/\/haus-bernadette.de\/wp-content\/uploads\/2019\/09\/Kueche_2-140x80.jpg\" alt=\"\" \/>\n\t<div class=\"ms-thumb\" ><div class=\"ms-tab-context\"><div class=\"&quot;ms-tab-context&quot;\"><\/div><\/div>\n<\/div>\n\t\t\t\t<\/div>\n\t\t\t\t<div  class=\"ms-slide\" data-delay=\"3\" data-fill-mode=\"fill\"  >\n\t\t\t\t\t<img decoding=\"async\" src=\"https:\/\/haus-bernadette.de\/wp-content\/plugins\/master-slider\/public\/assets\/css\/blank.gif\" alt=\"\" title=\"\" data-src=\"https:\/\/haus-bernadette.de\/wp-content\/uploads\/2018\/01\/K\u00fcche_1.jpg\" \/>\n\n\n\t<img decoding=\"async\" class=\"ms-thumb\" src=\"https:\/\/haus-bernadette.de\/wp-content\/uploads\/2018\/01\/K\u00fcche_1-140x80.jpg\" alt=\"\" \/>\n\t<div class=\"ms-thumb\" ><div class=\"ms-tab-context\"><div class=\"&quot;ms-tab-context&quot;\"><\/div><\/div>\n<\/div>\n\t\t\t\t<\/div>\n\n\t\t\t<\/div>\n\t\t\t<!-- END MasterSlider Main -->\n\n\t\t\t \n\t\t<\/div>\n\t\t<!-- END MasterSlider -->\n\n\t\t<script>\n\t\t(function ( $ ) {\n\t\t\t\"use strict\";\n\n\t\t\t$(function () {\n\t\t\t\tvar masterslider_ff22 = new MasterSlider();\n\n\t\t\t\t\/\/ slider controls\n\t\t\t\tmasterslider_ff22.control('arrows'     ,{ autohide:false, overVideo:true  });\t\t\t\tmasterslider_ff22.control('bullets'    ,{ autohide:false, overVideo:true, dir:'h', align:'bottom' , margin:10  });\n\n\t\t\t\tmasterslider_ff22.control('thumblist'  ,{ autohide:false, overVideo:true, dir:'v', speed:17, inset:false, arrows:false, hover:false, customClass:'', align:'right',type:'thumbs', margin:5, width:140, height:80, space:5, fillMode:'fill'  });\n\t\t\t\t\/\/ slider setup\n\t\t\t\tmasterslider_ff22.setup(\"MS69eccbd4cff22\", {\n\t\t\t\t\t\twidth           : 800,\n\t\t\t\t\t\theight          : 480,\n\t\t\t\t\t\tminHeight       : 0,\n\t\t\t\t\t\tspace           : 0,\n\t\t\t\t\t\tstart           : 1,\n\t\t\t\t\t\tgrabCursor      : true,\n\t\t\t\t\t\tswipe           : true,\n\t\t\t\t\t\tmouse           : true,\n\t\t\t\t\t\tlayout          : \"boxed\",\n\t\t\t\t\t\twheel           : false,\n\t\t\t\t\t\tautoplay        : false,\n\t\t\t\t\t\tinstantStartLayers:false,\n\t\t\t\t\t\tloop            : true,\n\t\t\t\t\t\tshuffle         : false,\n\t\t\t\t\t\tpreload         : 0,\n\t\t\t\t\t\theightLimit     : true,\n\t\t\t\t\t\tautoHeight      : false,\n\t\t\t\t\t\tsmoothHeight    : true,\n\t\t\t\t\t\tendPause        : false,\n\t\t\t\t\t\toverPause       : true,\n\t\t\t\t\t\tfillMode        : \"fill\",\n\t\t\t\t\t\tcenterControls  : true,\n\t\t\t\t\t\tstartOnAppear   : false,\n\t\t\t\t\t\tlayersMode      : \"center\",\n\t\t\t\t\t\thideLayers      : false,\n\t\t\t\t\t\tfullscreenMargin: 0,\n\t\t\t\t\t\tspeed           : 20,\n\t\t\t\t\t\tdir             : \"h\",\n\t\t\t\t\t\tparallaxMode    : 'swipe',\n\t\t\t\t\t\tview            : \"basic\"\n\t\t\t\t});\n\n\t\t\t\t\n\t\t\t\twindow.masterslider_instances = window.masterslider_instances || [];\n\t\t\t\twindow.masterslider_instances.push( masterslider_ff22 );\n\t\t\t });\n\n\t\t})(jQuery);\n\t\t<\/script>\n\n\n<p>\u00a0<\/p>\n\n\n<p><span style=\"font-family: Arial;\"><b>Einbauk\u00fcche ausgestattet:<br><\/b><\/span> <span style=\"font-family: Arial;\">Cerankochfeld + Backofen, K\u00fchlschrank, Edelstahlt\u00f6pfe, Pfannen, Auflaufform, Thermoskanne, kl. Espressokocher, wei\u00dfes Geschirr, sch\u00f6ne Gl\u00e4ser, Glassch\u00fcsseln,<br>Toaster, Mikrowelle, Kaffeemaschine, Wasserkocher, Mixer, B\u00fcgeleisen, alle Reinigungsmittel.<br><\/span><\/p>\n\n","protected":false},"excerpt":{"rendered":"<p>\u00a0 Einbauk\u00fcche ausgestattet: Cerankochfeld + Backofen, K\u00fchlschrank, Edelstahlt\u00f6pfe, Pfannen, Auflaufform, Thermoskanne, kl. Espressokocher, wei\u00dfes Geschirr, sch\u00f6ne Gl\u00e4ser, Glassch\u00fcsseln,Toaster, Mikrowelle, Kaffeemaschine, Wasserkocher, Mixer, B\u00fcgeleisen, alle Reinigungsmittel.<\/p>\n","protected":false},"author":1,"featured_media":0,"parent":0,"menu_order":0,"comment_status":"closed","ping_status":"closed","template":"","meta":{"footnotes":""},"class_list":["post-71","page","type-page","status-publish","hentry"],"_links":{"self":[{"href":"https:\/\/haus-bernadette.de\/index.php?rest_route=\/wp\/v2\/pages\/71","targetHints":{"allow":["GET"]}}],"collection":[{"href":"https:\/\/haus-bernadette.de\/index.php?rest_route=\/wp\/v2\/pages"}],"about":[{"href":"https:\/\/haus-bernadette.de\/index.php?rest_route=\/wp\/v2\/types\/page"}],"author":[{"embeddable":true,"href":"https:\/\/haus-bernadette.de\/index.php?rest_route=\/wp\/v2\/users\/1"}],"replies":[{"embeddable":true,"href":"https:\/\/haus-bernadette.de\/index.php?rest_route=%2Fwp%2Fv2%2Fcomments&post=71"}],"version-history":[{"count":15,"href":"https:\/\/haus-bernadette.de\/index.php?rest_route=\/wp\/v2\/pages\/71\/revisions"}],"predecessor-version":[{"id":1077,"href":"https:\/\/haus-bernadette.de\/index.php?rest_route=\/wp\/v2\/pages\/71\/revisions\/1077"}],"wp:attachment":[{"href":"https:\/\/haus-bernadette.de\/index.php?rest_route=%2Fwp%2Fv2%2Fmedia&parent=71"}],"curies":[{"name":"wp","href":"https:\/\/api.w.org\/{rel}","templated":true}]}}